{"id":8567,"date":"2024-11-20T10:22:46","date_gmt":"2024-11-20T10:22:46","guid":{"rendered":"https:\/\/bee4change.eu\/?page_id=8567"},"modified":"2024-11-20T10:24:20","modified_gmt":"2024-11-20T10:24:20","slug":"transparency","status":"publish","type":"page","link":"https:\/\/bee4change.eu\/en\/transparency\/","title":{"rendered":"Transparency"},"content":{"rendered":"\t\t<div data-elementor-type=\"wp-page\" data-elementor-id=\"8567\" class=\"elementor elementor-8567 elementor-8566\" data-elementor-post-type=\"page\">\n\t\t\t\t<div class=\"elementor-element elementor-element-312c243 e-flex e-con-boxed e-con e-parent\" data-id=\"312c243\" data-element_type=\"container\" data-e-type=\"container\">\n\t\t\t\t\t<div class=\"e-con-inner\">\n\t\t\t\t<div class=\"elementor-element elementor-element-d0be291 elementor-widget elementor-widget-spacer\" data-id=\"d0be291\" data-element_type=\"widget\" data-e-type=\"widget\" data-widget_type=\"spacer.default\">\n\t\t\t\t<div class=\"elementor-widget-container\">\n\t\t\t\t\t\t\t<div class=\"elementor-spacer\">\n\t\t\t<div class=\"elementor-spacer-inner\"><\/div>\n\t\t<\/div>\n\t\t\t\t\t\t<\/div>\n\t\t\t\t<\/div>\n\t\t\t\t\t<\/div>\n\t\t\t\t<\/div>\n\t\t<div class=\"elementor-element elementor-element-31aca14 e-flex e-con-boxed e-con e-parent\" data-id=\"31aca14\" data-element_type=\"container\" data-e-type=\"container\">\n\t\t\t\t\t<div class=\"e-con-inner\">\n\t\t\t\t<div class=\"elementor-element elementor-element-637dad4 elementor-widget elementor-widget-spacer\" data-id=\"637dad4\" data-element_type=\"widget\" data-e-type=\"widget\" data-widget_type=\"spacer.default\">\n\t\t\t\t<div class=\"elementor-widget-container\">\n\t\t\t\t\t\t\t<div class=\"elementor-spacer\">\n\t\t\t<div class=\"elementor-spacer-inner\"><\/div>\n\t\t<\/div>\n\t\t\t\t\t\t<\/div>\n\t\t\t\t<\/div>\n\t\t\t\t\t<\/div>\n\t\t\t\t<\/div>\n\t\t<div class=\"elementor-element elementor-element-f1f5395 e-flex e-con-boxed e-con e-parent\" data-id=\"f1f5395\" data-element_type=\"container\" data-e-type=\"container\">\n\t\t\t\t\t<div class=\"e-con-inner\">\n\t\t\t\t<div class=\"elementor-element elementor-element-96474cf elementor-widget elementor-widget-heading\" data-id=\"96474cf\" data-element_type=\"widget\" data-e-type=\"widget\" data-widget_type=\"heading.default\">\n\t\t\t\t<div class=\"elementor-widget-container\">\n\t\t\t\t\t<h1 class=\"elementor-heading-title elementor-size-default\">Our commitment to transparency<\/h1>\t\t\t\t<\/div>\n\t\t\t\t<\/div>\n\t\t\t\t<div class=\"elementor-element elementor-element-7bba99d elementor-widget elementor-widget-text-editor\" data-id=\"7bba99d\" data-element_type=\"widget\" data-e-type=\"widget\" data-widget_type=\"text-editor.default\">\n\t\t\t\t<div class=\"elementor-widget-container\">\n\t\t\t\t\t\t\t\t\t<p>Transparency is important to us. This is why we have joined the <strong>Initiative Transparente Zivilgesellschaft.<\/strong> We are committed to making the following ten pieces of information available to the public and keeping them up to date. By disclosing the information, we strengthen the trust of donors and supporters in our work.<\/p>\n\t\t\t\t\t\t\t\t<\/div>\n\t\t\t\t<\/div>\n\t\t\t\t<div class=\"elementor-element elementor-element-5dd041d elementor-widget elementor-widget-button\" data-id=\"5dd041d\" data-element_type=\"widget\" data-e-type=\"widget\" data-widget_type=\"button.default\">\n\t\t\t\t<div class=\"elementor-widget-container\">\n\t\t\t\t\t\t\t\t\t<div class=\"elementor-button-wrapper\">\n\t\t\t\t\t<a class=\"elementor-button elementor-button-link elementor-size-sm\" href=\"#\">\n\t\t\t\t\t\t<span class=\"elementor-button-content-wrapper\">\n\t\t\t\t\t\t\t\t\t<span class=\"elementor-button-text\">Signed voluntary commitment<\/span>\n\t\t\t\t\t<\/span>\n\t\t\t\t\t<\/a>\n\t\t\t\t<\/div>\n\t\t\t\t\t\t\t\t<\/div>\n\t\t\t\t<\/div>\n\t\t\t\t<div class=\"elementor-element elementor-element-d9591bf elementor-widget elementor-widget-heading\" data-id=\"d9591bf\" data-element_type=\"widget\" data-e-type=\"widget\" data-widget_type=\"heading.default\">\n\t\t\t\t<div class=\"elementor-widget-container\">\n\t\t\t\t\t<h3 class=\"elementor-heading-title elementor-size-default\">1. Name, Registered Office, Address &amp; Year of Foundation<\/h3>\t\t\t\t<\/div>\n\t\t\t\t<\/div>\n\t\t\t\t<div class=\"elementor-element elementor-element-d64d6e6 elementor-widget elementor-widget-text-editor\" data-id=\"d64d6e6\" data-element_type=\"widget\" data-e-type=\"widget\" data-widget_type=\"text-editor.default\">\n\t\t\t\t<div class=\"elementor-widget-container\">\n\t\t\t\t\t\t\t\t\t<p><strong>bee4change e.V.<\/strong><\/p>\n<p>Registered office: Hamburg <\/p>\n<p>Eifflerstra\u00dfe 43<br \/>22769 Hamburg<\/p>\n<p>Email: <a href=\"mailto:info@bee4change.eu\">info@bee4change.eu<\/a><\/p>\n<p>Foundation: 2015<\/p>\n<p>Contact person: Sina El Basiouni, sina.elbasiouni@bee4change.eu<\/p>\n\t\t\t\t\t\t\t\t<\/div>\n\t\t\t\t<\/div>\n\t\t\t\t<div class=\"elementor-element elementor-element-11b1ba7 elementor-widget elementor-widget-heading\" data-id=\"11b1ba7\" data-element_type=\"widget\" data-e-type=\"widget\" data-widget_type=\"heading.default\">\n\t\t\t\t<div class=\"elementor-widget-container\">\n\t\t\t\t\t<h3 class=\"elementor-heading-title elementor-size-default\">2. Statutes &amp; Objectives<\/h3>\t\t\t\t<\/div>\n\t\t\t\t<\/div>\n\t\t<div class=\"elementor-element elementor-element-dc052d6 e-grid e-con-boxed e-con e-child\" data-id=\"dc052d6\" data-element_type=\"container\" data-e-type=\"container\">\n\t\t\t\t\t<div class=\"e-con-inner\">\n\t\t\t\t<div class=\"elementor-element elementor-element-581740b elementor-widget elementor-widget-button\" data-id=\"581740b\" data-element_type=\"widget\" data-e-type=\"widget\" data-widget_type=\"button.default\">\n\t\t\t\t<div class=\"elementor-widget-container\">\n\t\t\t\t\t\t\t\t\t<div class=\"elementor-button-wrapper\">\n\t\t\t\t\t<a class=\"elementor-button elementor-button-link elementor-size-sm\" href=\"https:\/\/bee4change.eu\/wp-content\/uploads\/2024\/03\/Satzung-bee4change-eV.pdf\" target=\"_blank\">\n\t\t\t\t\t\t<span class=\"elementor-button-content-wrapper\">\n\t\t\t\t\t\t\t\t\t<span class=\"elementor-button-text\">Statute<\/span>\n\t\t\t\t\t<\/span>\n\t\t\t\t\t<\/a>\n\t\t\t\t<\/div>\n\t\t\t\t\t\t\t\t<\/div>\n\t\t\t\t<\/div>\n\t\t\t\t<div class=\"elementor-element elementor-element-8c5a76d elementor-widget elementor-widget-button\" data-id=\"8c5a76d\" data-element_type=\"widget\" data-e-type=\"widget\" data-widget_type=\"button.default\">\n\t\t\t\t<div class=\"elementor-widget-container\">\n\t\t\t\t\t\t\t\t\t<div class=\"elementor-button-wrapper\">\n\t\t\t\t\t<a class=\"elementor-button elementor-button-link elementor-size-sm\" href=\"https:\/\/bee4change.eu\/en\/about-us\/\" target=\"_blank\">\n\t\t\t\t\t\t<span class=\"elementor-button-content-wrapper\">\n\t\t\t\t\t\t\t\t\t<span class=\"elementor-button-text\">Vision &amp; Goals<\/span>\n\t\t\t\t\t<\/span>\n\t\t\t\t\t<\/a>\n\t\t\t\t<\/div>\n\t\t\t\t\t\t\t\t<\/div>\n\t\t\t\t<\/div>\n\t\t\t\t\t<\/div>\n\t\t\t\t<\/div>\n\t\t\t\t<div class=\"elementor-element elementor-element-944063d elementor-widget elementor-widget-heading\" data-id=\"944063d\" data-element_type=\"widget\" data-e-type=\"widget\" data-widget_type=\"heading.default\">\n\t\t\t\t<div class=\"elementor-widget-container\">\n\t\t\t\t\t<h3 class=\"elementor-heading-title elementor-size-default\">3. Information on Tax Concessions<\/h3>\t\t\t\t<\/div>\n\t\t\t\t<\/div>\n\t\t\t\t<div class=\"elementor-element elementor-element-58d0422 elementor-widget elementor-widget-text-editor\" data-id=\"58d0422\" data-element_type=\"widget\" data-e-type=\"widget\" data-widget_type=\"text-editor.default\">\n\t\t\t\t<div class=\"elementor-widget-container\">\n\t\t\t\t\t\t\t\t\t<p>Wir sind gem. des Freistellungsbescheids f\u00fcr 2017-2019 nach \u00a7 5 Abs. 1 Nr. 9 KStG von der K\u00f6rperschaftssteuer und nach \u00a73 Nr. 6 GewStG von der Gewerbesteuer befreit. <\/p>\n<p>Wir f\u00f6rdern im Sinne der \u00a7\u00a751 ff. AO ausschlie\u00dflich und unmittelbar mildt\u00e4tige und folgende gemeinn\u00fctzige Zwecke: <\/p>\n<ul>\n<li>F\u00f6rderung von Kunst und Kultur (\u00a752 Abs. 2 Satz 1 Nr. 5 AO)<\/li>\n<li>F\u00f6rderung der Erziehung (\u00a752 Abs. 2 Satz 1 Nr. 7 AO)<\/li>\n<li>F\u00f6rderung der Volks- und Berufsbildung einschlie\u00dflich der Studentenhilfe (\u00a752 Abs. 2 Satz 1 Nr. 7 AO)<\/li>\n<li>F\u00f6rderung internationaler Gesinnung, der Toleranz auf allen Gebieten der Kultur und des V\u00f6lkerverst\u00e4ndigungsgedankens (\u00a752 Abs. 2 Satz 1 Nr. 13 AO)<\/li>\n<li>F\u00f6rderung der Entwicklungszusammenarbeit (\u00a752 Abs. 2 Satz 1 Nr. 15 AO)<\/li>\n<\/ul>\n\t\t\t\t\t\t\t\t<\/div>\n\t\t\t\t<\/div>\n\t\t\t\t<div class=\"elementor-element elementor-element-24190e6 elementor-widget elementor-widget-button\" data-id=\"24190e6\" data-element_type=\"widget\" data-e-type=\"widget\" data-widget_type=\"button.default\">\n\t\t\t\t<div class=\"elementor-widget-container\">\n\t\t\t\t\t\t\t\t\t<div class=\"elementor-button-wrapper\">\n\t\t\t\t\t<a class=\"elementor-button elementor-button-link elementor-size-sm\" href=\"https:\/\/bee4change.eu\/wp-content\/uploads\/2024\/03\/Freistellungsbescheid-bee4change-eV.pdf\" target=\"_blank\">\n\t\t\t\t\t\t<span class=\"elementor-button-content-wrapper\">\n\t\t\t\t\t\t\t\t\t<span class=\"elementor-button-text\">Notice of exemption<\/span>\n\t\t\t\t\t<\/span>\n\t\t\t\t\t<\/a>\n\t\t\t\t<\/div>\n\t\t\t\t\t\t\t\t<\/div>\n\t\t\t\t<\/div>\n\t\t\t\t<div class=\"elementor-element elementor-element-9d6639e elementor-widget elementor-widget-heading\" data-id=\"9d6639e\" data-element_type=\"widget\" data-e-type=\"widget\" data-widget_type=\"heading.default\">\n\t\t\t\t<div class=\"elementor-widget-container\">\n\t\t\t\t\t<h3 class=\"elementor-heading-title elementor-size-default\">4. Name &amp; Function of Key Decision-Makers<\/h3>\t\t\t\t<\/div>\n\t\t\t\t<\/div>\n\t\t\t\t<div class=\"elementor-element elementor-element-ea60c30 elementor-widget elementor-widget-text-editor\" data-id=\"ea60c30\" data-element_type=\"widget\" data-e-type=\"widget\" data-widget_type=\"text-editor.default\">\n\t\t\t\t<div class=\"elementor-widget-container\">\n\t\t\t\t\t\t\t\t\t<p><strong>Narwan Sayed<\/strong> 1. Chairwoman<\/p>\n<p><strong>Joanna Dylik<\/strong> 2. Chairwoman<\/p>\n<p><strong>Fardina Nabizada<\/strong> Treasurer<\/p>\n\t\t\t\t\t\t\t\t<\/div>\n\t\t\t\t<\/div>\n\t\t\t\t<div class=\"elementor-element elementor-element-7728acf elementor-widget elementor-widget-heading\" data-id=\"7728acf\" data-element_type=\"widget\" data-e-type=\"widget\" data-widget_type=\"heading.default\">\n\t\t\t\t<div class=\"elementor-widget-container\">\n\t\t\t\t\t<h3 class=\"elementor-heading-title elementor-size-default\">5. Activity Report<\/h3>\t\t\t\t<\/div>\n\t\t\t\t<\/div>\n\t\t\t\t<div class=\"elementor-element elementor-element-a5ff8ca elementor-widget elementor-widget-button\" data-id=\"a5ff8ca\" data-element_type=\"widget\" data-e-type=\"widget\" data-widget_type=\"button.default\">\n\t\t\t\t<div class=\"elementor-widget-container\">\n\t\t\t\t\t\t\t\t\t<div class=\"elementor-button-wrapper\">\n\t\t\t\t\t<a class=\"elementor-button elementor-button-link elementor-size-sm\" href=\"#\">\n\t\t\t\t\t\t<span class=\"elementor-button-content-wrapper\">\n\t\t\t\t\t\t\t\t\t<span class=\"elementor-button-text\">Activity Report 2023<\/span>\n\t\t\t\t\t<\/span>\n\t\t\t\t\t<\/a>\n\t\t\t\t<\/div>\n\t\t\t\t\t\t\t\t<\/div>\n\t\t\t\t<\/div>\n\t\t\t\t<div class=\"elementor-element elementor-element-e3c68d4 elementor-widget elementor-widget-heading\" data-id=\"e3c68d4\" data-element_type=\"widget\" data-e-type=\"widget\" data-widget_type=\"heading.default\">\n\t\t\t\t<div class=\"elementor-widget-container\">\n\t\t\t\t\t<h3 class=\"elementor-heading-title elementor-size-default\">6. Personnel Structure<\/h3>\t\t\t\t<\/div>\n\t\t\t\t<\/div>\n\t\t\t\t<div class=\"elementor-element elementor-element-dbc5e6f elementor-widget elementor-widget-button\" data-id=\"dbc5e6f\" data-element_type=\"widget\" data-e-type=\"widget\" data-widget_type=\"button.default\">\n\t\t\t\t<div class=\"elementor-widget-container\">\n\t\t\t\t\t\t\t\t\t<div class=\"elementor-button-wrapper\">\n\t\t\t\t\t<a class=\"elementor-button elementor-button-link elementor-size-sm\" href=\"https:\/\/bee4change.eu\/en\/our-team\/\" target=\"_blank\">\n\t\t\t\t\t\t<span class=\"elementor-button-content-wrapper\">\n\t\t\t\t\t\t\t\t\t<span class=\"elementor-button-text\">Our Team<\/span>\n\t\t\t\t\t<\/span>\n\t\t\t\t\t<\/a>\n\t\t\t\t<\/div>\n\t\t\t\t\t\t\t\t<\/div>\n\t\t\t\t<\/div>\n\t\t\t\t<div class=\"elementor-element elementor-element-2d05dc3 elementor-widget elementor-widget-text-editor\" data-id=\"2d05dc3\" data-element_type=\"widget\" data-e-type=\"widget\" data-widget_type=\"text-editor.default\">\n\t\t\t\t<div class=\"elementor-widget-container\">\n\t\t\t\t\t\t\t\t\t<p>In addition, around 30 volunteers are active as mentors or supporters in public relations work as part of our projects.<\/p>\n\t\t\t\t\t\t\t\t<\/div>\n\t\t\t\t<\/div>\n\t\t\t\t<div class=\"elementor-element elementor-element-6767440 elementor-widget elementor-widget-heading\" data-id=\"6767440\" data-element_type=\"widget\" data-e-type=\"widget\" data-widget_type=\"heading.default\">\n\t\t\t\t<div class=\"elementor-widget-container\">\n\t\t\t\t\t<h3 class=\"elementor-heading-title elementor-size-default\">7. Information on the Source of Funds<\/h3>\t\t\t\t<\/div>\n\t\t\t\t<\/div>\n\t\t\t\t<div class=\"elementor-element elementor-element-2a2c9d7 elementor-widget elementor-widget-button\" data-id=\"2a2c9d7\" data-element_type=\"widget\" data-e-type=\"widget\" data-widget_type=\"button.default\">\n\t\t\t\t<div class=\"elementor-widget-container\">\n\t\t\t\t\t\t\t\t\t<div class=\"elementor-button-wrapper\">\n\t\t\t\t\t<a class=\"elementor-button elementor-button-link elementor-size-sm\" href=\"#\">\n\t\t\t\t\t\t<span class=\"elementor-button-content-wrapper\">\n\t\t\t\t\t\t\t\t\t<span class=\"elementor-button-text\">Activity Report 2023<\/span>\n\t\t\t\t\t<\/span>\n\t\t\t\t\t<\/a>\n\t\t\t\t<\/div>\n\t\t\t\t\t\t\t\t<\/div>\n\t\t\t\t<\/div>\n\t\t\t\t<div class=\"elementor-element elementor-element-ddcdea3 elementor-widget elementor-widget-text-editor\" data-id=\"ddcdea3\" data-element_type=\"widget\" data-e-type=\"widget\" data-widget_type=\"text-editor.default\">\n\t\t\t\t<div class=\"elementor-widget-container\">\n\t\t\t\t\t\t\t\t\t<p>refer to activity report p. x<\/p>\n\t\t\t\t\t\t\t\t<\/div>\n\t\t\t\t<\/div>\n\t\t\t\t<div class=\"elementor-element elementor-element-97aa5e0 elementor-widget elementor-widget-heading\" data-id=\"97aa5e0\" data-element_type=\"widget\" data-e-type=\"widget\" data-widget_type=\"heading.default\">\n\t\t\t\t<div class=\"elementor-widget-container\">\n\t\t\t\t\t<h3 class=\"elementor-heading-title elementor-size-default\">8. Information on the Use of Funds<\/h3>\t\t\t\t<\/div>\n\t\t\t\t<\/div>\n\t\t\t\t<div class=\"elementor-element elementor-element-5a9f3a6 elementor-widget elementor-widget-button\" data-id=\"5a9f3a6\" data-element_type=\"widget\" data-e-type=\"widget\" data-widget_type=\"button.default\">\n\t\t\t\t<div class=\"elementor-widget-container\">\n\t\t\t\t\t\t\t\t\t<div class=\"elementor-button-wrapper\">\n\t\t\t\t\t<a class=\"elementor-button elementor-button-link elementor-size-sm\" href=\"#\">\n\t\t\t\t\t\t<span class=\"elementor-button-content-wrapper\">\n\t\t\t\t\t\t\t\t\t<span class=\"elementor-button-text\">Activity Report 2023<\/span>\n\t\t\t\t\t<\/span>\n\t\t\t\t\t<\/a>\n\t\t\t\t<\/div>\n\t\t\t\t\t\t\t\t<\/div>\n\t\t\t\t<\/div>\n\t\t\t\t<div class=\"elementor-element elementor-element-91d06ed elementor-widget elementor-widget-text-editor\" data-id=\"91d06ed\" data-element_type=\"widget\" data-e-type=\"widget\" data-widget_type=\"text-editor.default\">\n\t\t\t\t<div class=\"elementor-widget-container\">\n\t\t\t\t\t\t\t\t\t<p>refer to activity report p. x<\/p>\n\t\t\t\t\t\t\t\t<\/div>\n\t\t\t\t<\/div>\n\t\t\t\t<div class=\"elementor-element elementor-element-70db94d elementor-widget elementor-widget-heading\" data-id=\"70db94d\" data-element_type=\"widget\" data-e-type=\"widget\" data-widget_type=\"heading.default\">\n\t\t\t\t<div class=\"elementor-widget-container\">\n\t\t\t\t\t<h3 class=\"elementor-heading-title elementor-size-default\">9. Corporate Affiliation with Third Parties<\/h3>\t\t\t\t<\/div>\n\t\t\t\t<\/div>\n\t\t\t\t<div class=\"elementor-element elementor-element-cfc489c elementor-widget elementor-widget-text-editor\" data-id=\"cfc489c\" data-element_type=\"widget\" data-e-type=\"widget\" data-widget_type=\"text-editor.default\">\n\t\t\t\t<div class=\"elementor-widget-container\">\n\t\t\t\t\t\t\t\t\t<p>There is no affiliation with third parties under company law.<\/p>\n\t\t\t\t\t\t\t\t<\/div>\n\t\t\t\t<\/div>\n\t\t\t\t<div class=\"elementor-element elementor-element-e0204f8 elementor-widget elementor-widget-heading\" data-id=\"e0204f8\" data-element_type=\"widget\" data-e-type=\"widget\" data-widget_type=\"heading.default\">\n\t\t\t\t<div class=\"elementor-widget-container\">\n\t\t\t\t\t<h3 class=\"elementor-heading-title elementor-size-default\">10. Names of individuals whose annual contributions account\nfor more than ten percent of our total annual revenue.<\/h3>\t\t\t\t<\/div>\n\t\t\t\t<\/div>\n\t\t\t\t<div class=\"elementor-element elementor-element-5ed6a8d elementor-widget elementor-widget-text-editor\" data-id=\"5ed6a8d\" data-element_type=\"widget\" data-e-type=\"widget\" data-widget_type=\"text-editor.default\">\n\t\t\t\t<div class=\"elementor-widget-container\">\n\t\t\t\t\t\t\t\t\t<ul>\n<li><strong>Minister of State for Migration, Refugees and Integration<\/strong>, at the same time <strong>Anti-racism officer<\/strong> of the Federal Government (project funding for HamWatan)<\/li>\n<li>Federal program <strong>Menschen st\u00e4rken Menschen<\/strong>, sponsored by <strong>Federal Ministry for Family Affairs, Senior Citizens, Women and Youth<\/strong>; forwarding of funds by the <strong>Verband f\u00fcr interkulturelle Wohlfahrtspflege, Empowerment und Diversity e.V.<\/strong> as part of the project <strong>Vitamin P &#8211; Chancenpatenschaften im \u00dcbergang zwischen Schule und Beruf<\/strong> (project funding for beeMentor)<\/li>\n<li><strong>Gerda Henkel Stiftung<\/strong> (project funding for HRD)<\/li>\n<\/ul>\n\t\t\t\t\t\t\t\t<\/div>\n\t\t\t\t<\/div>\n\t\t\t\t\t<\/div>\n\t\t\t\t<\/div>\n\t\t\t\t<\/div>\n\t\t","protected":false},"excerpt":{"rendered":"<p>Our commitment to transparency Transparency is important to us. This is why we have joined the Initiative Transparente Zivilgesellschaft. We are committed to making the following ten pieces of information available to the public and keeping them up to date. By disclosing the information, we strengthen the trust of donors and supporters in our work. [&hellip;]<\/p>\n","protected":false},"author":1,"featured_media":0,"parent":0,"menu_order":6,"comment_status":"closed","ping_status":"closed","template":"","meta":{"_acf_changed":false,"footnotes":""},"class_list":["post-8567","page","type-page","status-publish","hentry"],"acf":[],"yoast_head":"<!-- This site is optimized with the Yoast SEO plugin v27.4 - https:\/\/yoast.com\/product\/yoast-seo-wordpress\/ -->\n<title>Transparency - bee4change<\/title>\n<meta name=\"robots\" content=\"index, follow, max-snippet:-1, max-image-preview:large, max-video-preview:-1\" \/>\n<link rel=\"canonical\" href=\"https:\/\/bee4change.eu\/en\/transparency\/\" \/>\n<meta property=\"og:locale\" content=\"en_US\" \/>\n<meta property=\"og:type\" content=\"article\" \/>\n<meta property=\"og:title\" content=\"Transparency - bee4change\" \/>\n<meta property=\"og:description\" content=\"Our commitment to transparency Transparency is important to us. This is why we have joined the Initiative Transparente Zivilgesellschaft. We are committed to making the following ten pieces of information available to the public and keeping them up to date. By disclosing the information, we strengthen the trust of donors and supporters in our work. [&hellip;]\" \/>\n<meta property=\"og:url\" content=\"https:\/\/bee4change.eu\/en\/transparency\/\" \/>\n<meta property=\"og:site_name\" content=\"bee4change\" \/>\n<meta property=\"article:modified_time\" content=\"2024-11-20T10:24:20+00:00\" \/>\n<meta name=\"twitter:card\" content=\"summary_large_image\" \/>\n<meta name=\"twitter:label1\" content=\"Est. reading time\" \/>\n\t<meta name=\"twitter:data1\" content=\"2 minutes\" \/>\n<script type=\"application\/ld+json\" class=\"yoast-schema-graph\">{\"@context\":\"https:\\\/\\\/schema.org\",\"@graph\":[{\"@type\":\"WebPage\",\"@id\":\"https:\\\/\\\/bee4change.eu\\\/en\\\/transparency\\\/\",\"url\":\"https:\\\/\\\/bee4change.eu\\\/en\\\/transparency\\\/\",\"name\":\"Transparency - bee4change\",\"isPartOf\":{\"@id\":\"https:\\\/\\\/bee4change.eu\\\/en\\\/#website\"},\"datePublished\":\"2024-11-20T10:22:46+00:00\",\"dateModified\":\"2024-11-20T10:24:20+00:00\",\"breadcrumb\":{\"@id\":\"https:\\\/\\\/bee4change.eu\\\/en\\\/transparency\\\/#breadcrumb\"},\"inLanguage\":\"en-US\",\"potentialAction\":[{\"@type\":\"ReadAction\",\"target\":[\"https:\\\/\\\/bee4change.eu\\\/en\\\/transparency\\\/\"]}]},{\"@type\":\"BreadcrumbList\",\"@id\":\"https:\\\/\\\/bee4change.eu\\\/en\\\/transparency\\\/#breadcrumb\",\"itemListElement\":[{\"@type\":\"ListItem\",\"position\":1,\"name\":\"Home\",\"item\":\"https:\\\/\\\/bee4change.eu\\\/en\\\/\"},{\"@type\":\"ListItem\",\"position\":2,\"name\":\"Transparency\"}]},{\"@type\":\"WebSite\",\"@id\":\"https:\\\/\\\/bee4change.eu\\\/en\\\/#website\",\"url\":\"https:\\\/\\\/bee4change.eu\\\/en\\\/\",\"name\":\"bee4change\",\"description\":\"eine gemeinn\u00fctzige Organisation, die durch eigene Projekte zu mehr Chancengerechtigkeit beitr\u00e4gt.\",\"publisher\":{\"@id\":\"https:\\\/\\\/bee4change.eu\\\/en\\\/#organization\"},\"potentialAction\":[{\"@type\":\"SearchAction\",\"target\":{\"@type\":\"EntryPoint\",\"urlTemplate\":\"https:\\\/\\\/bee4change.eu\\\/en\\\/?s={search_term_string}\"},\"query-input\":{\"@type\":\"PropertyValueSpecification\",\"valueRequired\":true,\"valueName\":\"search_term_string\"}}],\"inLanguage\":\"en-US\"},{\"@type\":\"Organization\",\"@id\":\"https:\\\/\\\/bee4change.eu\\\/en\\\/#organization\",\"name\":\"bee4change\",\"url\":\"https:\\\/\\\/bee4change.eu\\\/en\\\/\",\"logo\":{\"@type\":\"ImageObject\",\"inLanguage\":\"en-US\",\"@id\":\"https:\\\/\\\/bee4change.eu\\\/en\\\/#\\\/schema\\\/logo\\\/image\\\/\",\"url\":\"https:\\\/\\\/bee4change.eu\\\/wp-content\\\/uploads\\\/2023\\\/05\\\/bee4change-transparent.png\",\"contentUrl\":\"https:\\\/\\\/bee4change.eu\\\/wp-content\\\/uploads\\\/2023\\\/05\\\/bee4change-transparent.png\",\"width\":591,\"height\":243,\"caption\":\"bee4change\"},\"image\":{\"@id\":\"https:\\\/\\\/bee4change.eu\\\/en\\\/#\\\/schema\\\/logo\\\/image\\\/\"}}]}<\/script>\n<!-- \/ Yoast SEO plugin. -->","yoast_head_json":{"title":"Transparency - bee4change","robots":{"index":"index","follow":"follow","max-snippet":"max-snippet:-1","max-image-preview":"max-image-preview:large","max-video-preview":"max-video-preview:-1"},"canonical":"https:\/\/bee4change.eu\/en\/transparency\/","og_locale":"en_US","og_type":"article","og_title":"Transparency - bee4change","og_description":"Our commitment to transparency Transparency is important to us. This is why we have joined the Initiative Transparente Zivilgesellschaft. We are committed to making the following ten pieces of information available to the public and keeping them up to date. By disclosing the information, we strengthen the trust of donors and supporters in our work. [&hellip;]","og_url":"https:\/\/bee4change.eu\/en\/transparency\/","og_site_name":"bee4change","article_modified_time":"2024-11-20T10:24:20+00:00","twitter_card":"summary_large_image","twitter_misc":{"Est. reading time":"2 minutes"},"schema":{"@context":"https:\/\/schema.org","@graph":[{"@type":"WebPage","@id":"https:\/\/bee4change.eu\/en\/transparency\/","url":"https:\/\/bee4change.eu\/en\/transparency\/","name":"Transparency - bee4change","isPartOf":{"@id":"https:\/\/bee4change.eu\/en\/#website"},"datePublished":"2024-11-20T10:22:46+00:00","dateModified":"2024-11-20T10:24:20+00:00","breadcrumb":{"@id":"https:\/\/bee4change.eu\/en\/transparency\/#breadcrumb"},"inLanguage":"en-US","potentialAction":[{"@type":"ReadAction","target":["https:\/\/bee4change.eu\/en\/transparency\/"]}]},{"@type":"BreadcrumbList","@id":"https:\/\/bee4change.eu\/en\/transparency\/#breadcrumb","itemListElement":[{"@type":"ListItem","position":1,"name":"Home","item":"https:\/\/bee4change.eu\/en\/"},{"@type":"ListItem","position":2,"name":"Transparency"}]},{"@type":"WebSite","@id":"https:\/\/bee4change.eu\/en\/#website","url":"https:\/\/bee4change.eu\/en\/","name":"bee4change","description":"eine gemeinn\u00fctzige Organisation, die durch eigene Projekte zu mehr Chancengerechtigkeit beitr\u00e4gt.","publisher":{"@id":"https:\/\/bee4change.eu\/en\/#organization"},"potentialAction":[{"@type":"SearchAction","target":{"@type":"EntryPoint","urlTemplate":"https:\/\/bee4change.eu\/en\/?s={search_term_string}"},"query-input":{"@type":"PropertyValueSpecification","valueRequired":true,"valueName":"search_term_string"}}],"inLanguage":"en-US"},{"@type":"Organization","@id":"https:\/\/bee4change.eu\/en\/#organization","name":"bee4change","url":"https:\/\/bee4change.eu\/en\/","logo":{"@type":"ImageObject","inLanguage":"en-US","@id":"https:\/\/bee4change.eu\/en\/#\/schema\/logo\/image\/","url":"https:\/\/bee4change.eu\/wp-content\/uploads\/2023\/05\/bee4change-transparent.png","contentUrl":"https:\/\/bee4change.eu\/wp-content\/uploads\/2023\/05\/bee4change-transparent.png","width":591,"height":243,"caption":"bee4change"},"image":{"@id":"https:\/\/bee4change.eu\/en\/#\/schema\/logo\/image\/"}}]}},"_links":{"self":[{"href":"https:\/\/bee4change.eu\/en\/wp-json\/wp\/v2\/pages\/8567","targetHints":{"allow":["GET"]}}],"collection":[{"href":"https:\/\/bee4change.eu\/en\/wp-json\/wp\/v2\/pages"}],"about":[{"href":"https:\/\/bee4change.eu\/en\/wp-json\/wp\/v2\/types\/page"}],"author":[{"embeddable":true,"href":"https:\/\/bee4change.eu\/en\/wp-json\/wp\/v2\/users\/1"}],"replies":[{"embeddable":true,"href":"https:\/\/bee4change.eu\/en\/wp-json\/wp\/v2\/comments?post=8567"}],"version-history":[{"count":2,"href":"https:\/\/bee4change.eu\/en\/wp-json\/wp\/v2\/pages\/8567\/revisions"}],"predecessor-version":[{"id":8852,"href":"https:\/\/bee4change.eu\/en\/wp-json\/wp\/v2\/pages\/8567\/revisions\/8852"}],"wp:attachment":[{"href":"https:\/\/bee4change.eu\/en\/wp-json\/wp\/v2\/media?parent=8567"}],"curies":[{"name":"wp","href":"https:\/\/api.w.org\/{rel}","templated":true}]}}